{"id":107,"date":"2023-09-13T17:15:30","date_gmt":"2023-09-13T17:15:30","guid":{"rendered":"https:\/\/theranova.at\/hl\/?page_id=107"},"modified":"2026-02-17T20:14:53","modified_gmt":"2026-02-17T19:14:53","slug":"impressum","status":"publish","type":"page","link":"https:\/\/theranova.at\/hl\/impressum\/","title":{"rendered":"Impressum"},"content":{"rendered":"\t\t<div data-elementor-type=\"wp-page\" data-elementor-id=\"107\" class=\"elementor elementor-107\">\n\t\t\t\t\t\t<section class=\"elementor-section elementor-top-section elementor-element elementor-element-7d77901 elementor-section-boxed elementor-section-height-default elementor-section-height-default\" data-id=\"7d77901\" data-element_type=\"section\" data-e-type=\"section\">\n\t\t\t\t\t\t<div class=\"elementor-container elementor-column-gap-default\">\n\t\t\t\t\t<div class=\"elementor-column elementor-col-100 elementor-top-column elementor-element elementor-element-13b706b\" data-id=\"13b706b\" data-element_type=\"column\" data-e-type=\"column\">\n\t\t\t<div class=\"elementor-widget-wrap elementor-element-populated\">\n\t\t\t\t\t\t<div class=\"elementor-element elementor-element-ab35b27 elementor-widget elementor-widget-spacer\" data-id=\"ab35b27\" data-element_type=\"widget\" data-e-type=\"widget\" data-widget_type=\"spacer.default\">\n\t\t\t\t<div class=\"elementor-widget-container\">\n\t\t\t\t\t\t\t<div class=\"elementor-spacer\">\n\t\t\t<div class=\"elementor-spacer-inner\"><\/div>\n\t\t<\/div>\n\t\t\t\t\t\t<\/div>\n\t\t\t\t<\/div>\n\t\t\t\t\t<\/div>\n\t\t<\/div>\n\t\t\t\t\t<\/div>\n\t\t<\/section>\n\t\t\t\t<section class=\"elementor-section elementor-top-section elementor-element elementor-element-7b60ecf elementor-section-boxed elementor-section-height-default elementor-section-height-default\" data-id=\"7b60ecf\" data-element_type=\"section\" data-e-type=\"section\">\n\t\t\t\t\t\t<div class=\"elementor-container elementor-column-gap-default\">\n\t\t\t\t\t<div class=\"elementor-column elementor-col-100 elementor-top-column elementor-element elementor-element-0a4c2d4\" data-id=\"0a4c2d4\" data-element_type=\"column\" data-e-type=\"column\">\n\t\t\t<div class=\"elementor-widget-wrap elementor-element-populated\">\n\t\t\t\t\t\t<div class=\"elementor-element elementor-element-2a1cea9 elementor-widget elementor-widget-heading\" data-id=\"2a1cea9\" data-element_type=\"widget\" data-e-type=\"widget\" data-widget_type=\"heading.default\">\n\t\t\t\t<div class=\"elementor-widget-container\">\n\t\t\t\t\t<h1 class=\"elementor-heading-title elementor-size-default\">Impressum<\/h1>\t\t\t\t<\/div>\n\t\t\t\t<\/div>\n\t\t\t\t<div class=\"elementor-element elementor-element-cc11f29 elementor-widget elementor-widget-heading\" data-id=\"cc11f29\" data-element_type=\"widget\" data-e-type=\"widget\" data-widget_type=\"heading.default\">\n\t\t\t\t<div class=\"elementor-widget-container\">\n\t\t\t\t\t<h3 class=\"elementor-heading-title elementor-size-default\">\nInformationspflicht laut \u00a763 Gewerbeordnung und kleine Offenlegungspflicht gem. \u00a7 25 Abs 5 MedienG).<\/h3>\t\t\t\t<\/div>\n\t\t\t\t<\/div>\n\t\t\t\t<div class=\"elementor-element elementor-element-925ee5f elementor-widget elementor-widget-spacer\" data-id=\"925ee5f\" data-element_type=\"widget\" data-e-type=\"widget\" data-widget_type=\"spacer.default\">\n\t\t\t\t<div class=\"elementor-widget-container\">\n\t\t\t\t\t\t\t<div class=\"elementor-spacer\">\n\t\t\t<div class=\"elementor-spacer-inner\"><\/div>\n\t\t<\/div>\n\t\t\t\t\t\t<\/div>\n\t\t\t\t<\/div>\n\t\t\t\t<div class=\"elementor-element elementor-element-7978054 elementor-widget elementor-widget-text-editor\" data-id=\"7978054\" data-element_type=\"widget\" data-e-type=\"widget\" data-widget_type=\"text-editor.default\">\n\t\t\t\t<div class=\"elementor-widget-container\">\n\t\t\t\t\t\t\t\t\t<p><strong>Alexandra Drummer BSc<\/strong><br \/><strong>Stephanie Sch\u00f6dl BSc<\/strong><br \/>2020 Hollabrunn<br \/>Bahnstra\u00dfe 32<br \/>\u00d6sterreich<\/p><p><a href=\"tel:+436648517110\">+43 (0)664 851 71 10<\/a><br \/><a href=\"tel:+436605510120\">+43 (0)660 551 01 20<\/a><br \/><a href=\"mailto:office@theranova.at\">office@theranova.at<\/a><\/p><p>Beruftsrecht:<br \/><a href=\"https:\/\/www.ris.bka.gv.at\/GeltendeFassung.wxe?Abfrage=Bundesnormen&amp;Gesetzesnummer=10007517\" target=\"_blank\" rel=\"noopener\">Gewerbeordnung<\/a>: <a href=\"https:\/\/www.ris.bka.gv.at\/\" target=\"_blank\" rel=\"noopener\">https:\/\/www.ris.bka.gv.at\/<\/a><\/p><p>Verbraucher haben die M\u00f6glichkeit, Beschwerden an die Online-Streitbeilegungsplattform der EU zu richten:<br \/><a href=\"http:\/\/ec.europa.eu\/odr\" target=\"_blank\" rel=\"noopener\">http:\/\/ec.europa.eu\/odr<\/a>.<\/p><p>Sie k\u00f6nnen allf\u00e4llige Beschwerde auch an die oben angegebene E-Mail-Adresse richten.<\/p>\t\t\t\t\t\t\t\t<\/div>\n\t\t\t\t<\/div>\n\t\t\t\t<div class=\"elementor-element elementor-element-cd942ae elementor-widget elementor-widget-text-editor\" data-id=\"cd942ae\" data-element_type=\"widget\" data-e-type=\"widget\" data-widget_type=\"text-editor.default\">\n\t\t\t\t<div class=\"elementor-widget-container\">\n\t\t\t\t\t\t\t\t\t<p><strong>Haftung f\u00fcr Inhalte<br \/><\/strong>Die Inhalte unserer Website wurden mit gr\u00f6\u00dfter Sorgfalt erstellt. F\u00fcr die Richtigkeit, Vollst\u00e4ndigkeit und Aktualit\u00e4t der Inhalte k\u00f6nnen wir jedoch keine Gew\u00e4hr \u00fcbernehmen. Wir entwicklen die Inhalte unserer Website st\u00e4ndig weiter und bem\u00fchen uns, korrekte und aktuelle Informationen bereitzustellen.<\/p><p>Sollten Ihnen problematische oder rechtswidrige Inhalte auffallen, bitten wir Sie, uns umgehend zu kontaktieren.<\/p><p><strong>Haftung f\u00fcr Links<\/strong><br \/>Unsere Website enth\u00e4lt Links zu externen Webseiten Dritter, auf deren Inhalte wir keinen Einfluss haben. Deshalb k\u00f6nnen wir f\u00fcr diese fremden Inhalte auch keine Gew\u00e4hr \u00fcbernehmen. F\u00fcr die Inhalte der verlinkten Seiten ist stets der jeweilige Betreiber der Webseite verantwortlich. Die verlinkten Webseiten wurden zum Zeitpunkt der Verlinkung auf m\u00f6gliche Rechtsverst\u00f6\u00dfe \u00fcberpr\u00fcft. Rechtswidrige Inhalte waren zum Zeitpunkt der Verlinkung nicht erkennbar. Eine permanente inhaltliche Kontrolle der verlinkten Webseiten ist jedoch ohne konkrete Anhaltspunkte einer Rechtsverletzung nicht zumutbar. Bei Bekanntwerden von Rechtsverletzungen werden wir derartige Links umgehend entfernen.<\/p><p>Wenn Ihnen rechtswidrige Links auf meiner Website auffallen, bitten wir Sie, uns zu kontaktieren.<\/p><p><strong>Urheberrecht<\/strong><br \/>Alle Inhalte unserer Webseite (Bilder\/Fotos\/Grafiken, Texte) unterliegen dem Urheberrecht. Falls notwendig, werden wir die unerlaubte Nutzung von Teilen der Inhalte unserer Website rechtlich verfolgen.<\/p>\t\t\t\t\t\t\t\t<\/div>\n\t\t\t\t<\/div>\n\t\t\t\t\t<\/div>\n\t\t<\/div>\n\t\t\t\t\t<\/div>\n\t\t<\/section>\n\t\t\t\t<section class=\"elementor-section elementor-top-section elementor-element elementor-element-3fe8b23 elementor-section-boxed elementor-section-height-default elementor-section-height-default\" data-id=\"3fe8b23\" data-element_type=\"section\" data-e-type=\"section\">\n\t\t\t\t\t\t<div class=\"elementor-container elementor-column-gap-default\">\n\t\t\t\t\t<div class=\"elementor-column elementor-col-100 elementor-top-column elementor-element elementor-element-d33b5ec\" data-id=\"d33b5ec\" data-element_type=\"column\" data-e-type=\"column\">\n\t\t\t<div class=\"elementor-widget-wrap elementor-element-populated\">\n\t\t\t\t\t\t<div class=\"elementor-element elementor-element-8941fcc elementor-widget elementor-widget-spacer\" data-id=\"8941fcc\" data-element_type=\"widget\" data-e-type=\"widget\" data-widget_type=\"spacer.default\">\n\t\t\t\t<div class=\"elementor-widget-container\">\n\t\t\t\t\t\t\t<div class=\"elementor-spacer\">\n\t\t\t<div class=\"elementor-spacer-inner\"><\/div>\n\t\t<\/div>\n\t\t\t\t\t\t<\/div>\n\t\t\t\t<\/div>\n\t\t\t\t\t<\/div>\n\t\t<\/div>\n\t\t\t\t\t<\/div>\n\t\t<\/section>\n\t\t\t\t<section class=\"elementor-section elementor-top-section elementor-element elementor-element-1e5cf2e elementor-section-boxed elementor-section-height-default elementor-section-height-default\" data-id=\"1e5cf2e\" data-element_type=\"section\" data-e-type=\"section\">\n\t\t\t\t\t\t<div class=\"elementor-container elementor-column-gap-default\">\n\t\t\t\t\t<div class=\"elementor-column elementor-col-100 elementor-top-column elementor-element elementor-element-d5b5e57\" data-id=\"d5b5e57\" data-element_type=\"column\" data-e-type=\"column\">\n\t\t\t<div class=\"elementor-widget-wrap elementor-element-populated\">\n\t\t\t\t\t\t<div class=\"elementor-element elementor-element-30d0e0f elementor-widget elementor-widget-heading\" data-id=\"30d0e0f\" data-element_type=\"widget\" data-e-type=\"widget\" data-widget_type=\"heading.default\">\n\t\t\t\t<div class=\"elementor-widget-container\">\n\t\t\t\t\t<h2 class=\"elementor-heading-title elementor-size-default\">Datenschutz<\/h2>\t\t\t\t<\/div>\n\t\t\t\t<\/div>\n\t\t\t\t<div class=\"elementor-element elementor-element-6d5d9f1 elementor-widget elementor-widget-heading\" data-id=\"6d5d9f1\" data-element_type=\"widget\" data-e-type=\"widget\" data-widget_type=\"heading.default\">\n\t\t\t\t<div class=\"elementor-widget-container\">\n\t\t\t\t\t<h3 class=\"elementor-heading-title elementor-size-default\">Erkl\u00e4rung zur Informationspflicht<\/h3>\t\t\t\t<\/div>\n\t\t\t\t<\/div>\n\t\t\t\t<div class=\"elementor-element elementor-element-780daa4 elementor-widget elementor-widget-spacer\" data-id=\"780daa4\" data-element_type=\"widget\" data-e-type=\"widget\" data-widget_type=\"spacer.default\">\n\t\t\t\t<div class=\"elementor-widget-container\">\n\t\t\t\t\t\t\t<div class=\"elementor-spacer\">\n\t\t\t<div class=\"elementor-spacer-inner\"><\/div>\n\t\t<\/div>\n\t\t\t\t\t\t<\/div>\n\t\t\t\t<\/div>\n\t\t\t\t<div class=\"elementor-element elementor-element-457ea2a elementor-widget elementor-widget-text-editor\" data-id=\"457ea2a\" data-element_type=\"widget\" data-e-type=\"widget\" data-widget_type=\"text-editor.default\">\n\t\t\t\t<div class=\"elementor-widget-container\">\n\t\t\t\t\t\t\t\t\t<p class=\"\">Der Schutz Ihrer Daten ist uns ein besonderes Anliegen. Wir verarbeiten Ihre Daten daher ausschlie\u00dflich auf Grundlage der gesetzlichen Bestimmungen (DSGVO, TKG). In diesen Datenschutzinformationen informieren wir Sie \u00fcber die wichtigsten Aspekte der Datenverarbeitung im Rahmen unserer Website.<\/p><p class=\"\">Beim Besuch unserer Website wird Ihre IP-Adresse, Beginn und Ende der Sitzung f\u00fcr die Dauer dieser Sitzung erfasst. Dies ist technisch bedingt und stellt damit ein berechtigtes Interesse i.S.v. Art 6 Abs 1 lit f DSGVO dar. Soweit im Folgenden nichts Anderes geregelt wird, werden diese Daten von uns nicht weiterverarbeitet.<\/p>\t\t\t\t\t\t\t\t<\/div>\n\t\t\t\t<\/div>\n\t\t\t\t<div class=\"elementor-element elementor-element-5e9d74c elementor-widget elementor-widget-text-editor\" data-id=\"5e9d74c\" data-element_type=\"widget\" data-e-type=\"widget\" data-widget_type=\"text-editor.default\">\n\t\t\t\t<div class=\"elementor-widget-container\">\n\t\t\t\t\t\t\t\t\t<p class=\"avtext\"><strong>SSL-Verschl\u00fcsselung<\/strong><br \/>Diese Website nutzt aus Sicherheitsgr\u00fcnden und zum Schutz der \u00dcbertragung vertraulicher Inhalte, wie zum Beispiel Anfragen, die Sie an mich als Seitenbetreiberin senden, eine SSL-Verschl\u00fcsselung. Eine verschl\u00fcsselte Verbindung erkennen Sie daran, dass die Adresszeile des Browsers von \u201chttp:\/\/\u201d auf \u201chttps:\/\/\u201d wechselt und an dem Schloss-Symbol in Ihrer Browserzeile.<\/p><p class=\"avtext\">Wenn die SSL-Verschl\u00fcsselung aktiviert ist, k\u00f6nnen die Daten, die Sie an mich \u00fcbermitteln, nicht von Dritten mitgelesen werden.<\/p>\t\t\t\t\t\t\t\t<\/div>\n\t\t\t\t<\/div>\n\t\t\t\t<div class=\"elementor-element elementor-element-4aa56aa elementor-widget elementor-widget-text-editor\" data-id=\"4aa56aa\" data-element_type=\"widget\" data-e-type=\"widget\" data-widget_type=\"text-editor.default\">\n\t\t\t\t<div class=\"elementor-widget-container\">\n\t\t\t\t\t\t\t\t\t<p class=\"avtext\"><span class=\"avtext\"><strong>Google Web Fonts<\/strong><br \/><\/span>Diese Website nutzt zur einheitlichen Darstellung von Schriftarten so genannte Web Fonts, die von Google bereitgestellt werden. Beim Aufruf einer Seite l\u00e4dt Ihr Browser die ben\u00f6tigten Web Fonts in ihren Browsercache, um Texte und Schriftarten korrekt anzuzeigen.<\/p><p class=\"avtext\">Zu diesem Zweck muss der von Ihnen verwendete Browser Verbindung zu den Servern von Google aufnehmen. Hierdurch erlangt Google Kenntnis dar\u00fcber, dass \u00fcber Ihre IP-Adresse unsere Website aufgerufen wurde. Die Nutzung von Google Web Fonts erfolgt im Interesse einer einheitlichen und ansprechenden Darstellung unserer Online-Angebote. Dies stellt ein berechtigtes Interesse im Sinne von Art. 6 Abs. 1 lit. f DSGVO dar.<\/p><p class=\"avtext\">Wenn Ihr Browser Web Fonts nicht unterst\u00fctzt, wird eine Standardschrift von Ihrem Computer genutzt.<\/p><p class=\"avtext\">Weitere Informationen zu Google Web Fonts finden Sie unter<br \/><a class=\"avtext\" href=\"https:\/\/developers.google.com\/fonts\/faq\" target=\"_blank\" rel=\"noopener\" rev=\"_blank\">https:\/\/developers.google.com\/fonts\/faq<\/a>\u00a0und in der Datenschutzerkl\u00e4rung von Google:<br \/><a class=\"avtext\" href=\"https:\/\/www.google.com\/policies\/privacy\/\" target=\"_blank\" rel=\"noopener\" rev=\"_blank\">https:\/\/www.google.com\/policies\/privacy\/<\/a>.<\/p>\t\t\t\t\t\t\t\t<\/div>\n\t\t\t\t<\/div>\n\t\t\t\t\t<\/div>\n\t\t<\/div>\n\t\t\t\t\t<\/div>\n\t\t<\/section>\n\t\t\t\t<section class=\"elementor-section elementor-top-section elementor-element elementor-element-96fea7f elementor-section-boxed elementor-section-height-default elementor-section-height-default\" data-id=\"96fea7f\" data-element_type=\"section\" data-e-type=\"section\">\n\t\t\t\t\t\t<div class=\"elementor-container elementor-column-gap-default\">\n\t\t\t\t\t<div class=\"elementor-column elementor-col-100 elementor-top-column elementor-element elementor-element-4636c1e\" data-id=\"4636c1e\" data-element_type=\"column\" data-e-type=\"column\">\n\t\t\t<div class=\"elementor-widget-wrap elementor-element-populated\">\n\t\t\t\t\t\t<div class=\"elementor-element elementor-element-caa6483 elementor-widget elementor-widget-spacer\" data-id=\"caa6483\" data-element_type=\"widget\" data-e-type=\"widget\" data-widget_type=\"spacer.default\">\n\t\t\t\t<div class=\"elementor-widget-container\">\n\t\t\t\t\t\t\t<div class=\"elementor-spacer\">\n\t\t\t<div class=\"elementor-spacer-inner\"><\/div>\n\t\t<\/div>\n\t\t\t\t\t\t<\/div>\n\t\t\t\t<\/div>\n\t\t\t\t\t<\/div>\n\t\t<\/div>\n\t\t\t\t\t<\/div>\n\t\t<\/section>\n\t\t\t\t<\/div>\n\t\t","protected":false},"excerpt":{"rendered":"<p>Impressum Informationspflicht laut \u00a763 Gewerbeordnung und kleine Offenlegungspflicht gem. \u00a7 25 Abs 5 MedienG). Alexandra Drummer BScStephanie Sch\u00f6dl BSc2020 HollabrunnBahnstra\u00dfe 32\u00d6sterreich +43 (0)664 851 71 10+43 (0)660 551 01 20office@theranova.at Beruftsrecht:Gewerbeordnung: https:\/\/www.ris.bka.gv.at\/ Verbraucher haben die M\u00f6glichkeit, Beschwerden an die Online-Streitbeilegungsplattform der EU zu richten:http:\/\/ec.europa.eu\/odr. Sie k\u00f6nnen allf\u00e4llige Beschwerde auch an die oben angegebene E-Mail-Adresse richten. [&hellip;]<\/p>\n","protected":false},"author":2,"featured_media":0,"parent":0,"menu_order":0,"comment_status":"closed","ping_status":"closed","template":"elementor_header_footer","meta":{"_acf_changed":false,"inline_featured_image":false,"footnotes":""},"class_list":["post-107","page","type-page","status-publish","hentry"],"acf":[],"yoast_head":"<!-- This site is optimized with the Yoast SEO plugin v27.3 - https:\/\/yoast.com\/product\/yoast-seo-wordpress\/ -->\n<title>Impressum | TheraNova Praxisgemeinschaft Hollabrunn<\/title>\n<meta name=\"robots\" content=\"index, follow, max-snippet:-1, max-image-preview:large, max-video-preview:-1\" \/>\n<link rel=\"canonical\" href=\"https:\/\/theranova.at\/hl\/impressum\/\" \/>\n<meta property=\"og:locale\" content=\"de_DE\" \/>\n<meta property=\"og:type\" content=\"article\" \/>\n<meta property=\"og:title\" content=\"Impressum | TheraNova Praxisgemeinschaft Hollabrunn\" \/>\n<meta property=\"og:description\" content=\"Impressum Informationspflicht laut \u00a763 Gewerbeordnung und kleine Offenlegungspflicht gem. \u00a7 25 Abs 5 MedienG). Alexandra Drummer BScStephanie Sch\u00f6dl BSc2020 HollabrunnBahnstra\u00dfe 32\u00d6sterreich +43 (0)664 851 71 10+43 (0)660 551 01 20office@theranova.at Beruftsrecht:Gewerbeordnung: https:\/\/www.ris.bka.gv.at\/ Verbraucher haben die M\u00f6glichkeit, Beschwerden an die Online-Streitbeilegungsplattform der EU zu richten:http:\/\/ec.europa.eu\/odr. Sie k\u00f6nnen allf\u00e4llige Beschwerde auch an die oben angegebene E-Mail-Adresse richten. [&hellip;]\" \/>\n<meta property=\"og:url\" content=\"https:\/\/theranova.at\/hl\/impressum\/\" \/>\n<meta property=\"og:site_name\" content=\"TheraNova Praxisgemeinschaft Hollabrunn\" \/>\n<meta property=\"article:publisher\" content=\"https:\/\/www.facebook.com\/p\/TheraNova-Hollabrunn-Praxisgemeinschaft-100063766800990\/?locale=de_DE\" \/>\n<meta property=\"article:modified_time\" content=\"2026-02-17T19:14:53+00:00\" \/>\n<meta name=\"twitter:card\" content=\"summary_large_image\" \/>\n<meta name=\"twitter:label1\" content=\"Gesch\u00e4tzte Lesezeit\" \/>\n\t<meta name=\"twitter:data1\" content=\"4\u00a0Minuten\" \/>\n<script type=\"application\/ld+json\" class=\"yoast-schema-graph\">{\"@context\":\"https:\\\/\\\/schema.org\",\"@graph\":[{\"@type\":\"WebPage\",\"@id\":\"https:\\\/\\\/theranova.at\\\/hl\\\/impressum\\\/\",\"url\":\"https:\\\/\\\/theranova.at\\\/hl\\\/impressum\\\/\",\"name\":\"Impressum | TheraNova Praxisgemeinschaft Hollabrunn\",\"isPartOf\":{\"@id\":\"https:\\\/\\\/theranova.at\\\/hl\\\/#website\"},\"datePublished\":\"2023-09-13T17:15:30+00:00\",\"dateModified\":\"2026-02-17T19:14:53+00:00\",\"breadcrumb\":{\"@id\":\"https:\\\/\\\/theranova.at\\\/hl\\\/impressum\\\/#breadcrumb\"},\"inLanguage\":\"de\",\"potentialAction\":[{\"@type\":\"ReadAction\",\"target\":[\"https:\\\/\\\/theranova.at\\\/hl\\\/impressum\\\/\"]}]},{\"@type\":\"BreadcrumbList\",\"@id\":\"https:\\\/\\\/theranova.at\\\/hl\\\/impressum\\\/#breadcrumb\",\"itemListElement\":[{\"@type\":\"ListItem\",\"position\":1,\"name\":\"Startseite\",\"item\":\"https:\\\/\\\/theranova.at\\\/hl\\\/\"},{\"@type\":\"ListItem\",\"position\":2,\"name\":\"Impressum\"}]},{\"@type\":\"WebSite\",\"@id\":\"https:\\\/\\\/theranova.at\\\/hl\\\/#website\",\"url\":\"https:\\\/\\\/theranova.at\\\/hl\\\/\",\"name\":\"TheraNova Praxisgemeinschaft Hollabrunn\",\"description\":\"Interdisziplin\u00e4res Team dynamischer Therapeutinnen f\u00fcr die Bereiche Physiotherapie, Osteopathie, Di\u00e4tologie, Ergotherapie, Logop\u00e4die, Heilmassage, Orthop\u00e4die und Therapieklettern.\",\"publisher\":{\"@id\":\"https:\\\/\\\/theranova.at\\\/hl\\\/#organization\"},\"potentialAction\":[{\"@type\":\"SearchAction\",\"target\":{\"@type\":\"EntryPoint\",\"urlTemplate\":\"https:\\\/\\\/theranova.at\\\/hl\\\/?s={search_term_string}\"},\"query-input\":{\"@type\":\"PropertyValueSpecification\",\"valueRequired\":true,\"valueName\":\"search_term_string\"}}],\"inLanguage\":\"de\"},{\"@type\":\"Organization\",\"@id\":\"https:\\\/\\\/theranova.at\\\/hl\\\/#organization\",\"name\":\"TheraNova Praxisgemeinschaft Hollabrunn\",\"url\":\"https:\\\/\\\/theranova.at\\\/hl\\\/\",\"logo\":{\"@type\":\"ImageObject\",\"inLanguage\":\"de\",\"@id\":\"https:\\\/\\\/theranova.at\\\/hl\\\/#\\\/schema\\\/logo\\\/image\\\/\",\"url\":\"https:\\\/\\\/theranova.at\\\/hl\\\/wp-content\\\/uploads\\\/2023\\\/09\\\/TheraNova.png\",\"contentUrl\":\"https:\\\/\\\/theranova.at\\\/hl\\\/wp-content\\\/uploads\\\/2023\\\/09\\\/TheraNova.png\",\"width\":1500,\"height\":748,\"caption\":\"TheraNova Praxisgemeinschaft Hollabrunn\"},\"image\":{\"@id\":\"https:\\\/\\\/theranova.at\\\/hl\\\/#\\\/schema\\\/logo\\\/image\\\/\"},\"sameAs\":[\"https:\\\/\\\/www.facebook.com\\\/p\\\/TheraNova-Hollabrunn-Praxisgemeinschaft-100063766800990\\\/?locale=de_DE\",\"https:\\\/\\\/www.instagram.com\\\/theranovahollabrunn\\\/\"]}]}<\/script>\n<!-- \/ Yoast SEO plugin. -->","yoast_head_json":{"title":"Impressum | TheraNova Praxisgemeinschaft Hollabrunn","robots":{"index":"index","follow":"follow","max-snippet":"max-snippet:-1","max-image-preview":"max-image-preview:large","max-video-preview":"max-video-preview:-1"},"canonical":"https:\/\/theranova.at\/hl\/impressum\/","og_locale":"de_DE","og_type":"article","og_title":"Impressum | TheraNova Praxisgemeinschaft Hollabrunn","og_description":"Impressum Informationspflicht laut \u00a763 Gewerbeordnung und kleine Offenlegungspflicht gem. \u00a7 25 Abs 5 MedienG). Alexandra Drummer BScStephanie Sch\u00f6dl BSc2020 HollabrunnBahnstra\u00dfe 32\u00d6sterreich +43 (0)664 851 71 10+43 (0)660 551 01 20office@theranova.at Beruftsrecht:Gewerbeordnung: https:\/\/www.ris.bka.gv.at\/ Verbraucher haben die M\u00f6glichkeit, Beschwerden an die Online-Streitbeilegungsplattform der EU zu richten:http:\/\/ec.europa.eu\/odr. Sie k\u00f6nnen allf\u00e4llige Beschwerde auch an die oben angegebene E-Mail-Adresse richten. [&hellip;]","og_url":"https:\/\/theranova.at\/hl\/impressum\/","og_site_name":"TheraNova Praxisgemeinschaft Hollabrunn","article_publisher":"https:\/\/www.facebook.com\/p\/TheraNova-Hollabrunn-Praxisgemeinschaft-100063766800990\/?locale=de_DE","article_modified_time":"2026-02-17T19:14:53+00:00","twitter_card":"summary_large_image","twitter_misc":{"Gesch\u00e4tzte Lesezeit":"4\u00a0Minuten"},"schema":{"@context":"https:\/\/schema.org","@graph":[{"@type":"WebPage","@id":"https:\/\/theranova.at\/hl\/impressum\/","url":"https:\/\/theranova.at\/hl\/impressum\/","name":"Impressum | TheraNova Praxisgemeinschaft Hollabrunn","isPartOf":{"@id":"https:\/\/theranova.at\/hl\/#website"},"datePublished":"2023-09-13T17:15:30+00:00","dateModified":"2026-02-17T19:14:53+00:00","breadcrumb":{"@id":"https:\/\/theranova.at\/hl\/impressum\/#breadcrumb"},"inLanguage":"de","potentialAction":[{"@type":"ReadAction","target":["https:\/\/theranova.at\/hl\/impressum\/"]}]},{"@type":"BreadcrumbList","@id":"https:\/\/theranova.at\/hl\/impressum\/#breadcrumb","itemListElement":[{"@type":"ListItem","position":1,"name":"Startseite","item":"https:\/\/theranova.at\/hl\/"},{"@type":"ListItem","position":2,"name":"Impressum"}]},{"@type":"WebSite","@id":"https:\/\/theranova.at\/hl\/#website","url":"https:\/\/theranova.at\/hl\/","name":"TheraNova Praxisgemeinschaft Hollabrunn","description":"Interdisziplin\u00e4res Team dynamischer Therapeutinnen f\u00fcr die Bereiche Physiotherapie, Osteopathie, Di\u00e4tologie, Ergotherapie, Logop\u00e4die, Heilmassage, Orthop\u00e4die und Therapieklettern.","publisher":{"@id":"https:\/\/theranova.at\/hl\/#organization"},"potentialAction":[{"@type":"SearchAction","target":{"@type":"EntryPoint","urlTemplate":"https:\/\/theranova.at\/hl\/?s={search_term_string}"},"query-input":{"@type":"PropertyValueSpecification","valueRequired":true,"valueName":"search_term_string"}}],"inLanguage":"de"},{"@type":"Organization","@id":"https:\/\/theranova.at\/hl\/#organization","name":"TheraNova Praxisgemeinschaft Hollabrunn","url":"https:\/\/theranova.at\/hl\/","logo":{"@type":"ImageObject","inLanguage":"de","@id":"https:\/\/theranova.at\/hl\/#\/schema\/logo\/image\/","url":"https:\/\/theranova.at\/hl\/wp-content\/uploads\/2023\/09\/TheraNova.png","contentUrl":"https:\/\/theranova.at\/hl\/wp-content\/uploads\/2023\/09\/TheraNova.png","width":1500,"height":748,"caption":"TheraNova Praxisgemeinschaft Hollabrunn"},"image":{"@id":"https:\/\/theranova.at\/hl\/#\/schema\/logo\/image\/"},"sameAs":["https:\/\/www.facebook.com\/p\/TheraNova-Hollabrunn-Praxisgemeinschaft-100063766800990\/?locale=de_DE","https:\/\/www.instagram.com\/theranovahollabrunn\/"]}]}},"_links":{"self":[{"href":"https:\/\/theranova.at\/hl\/wp-json\/wp\/v2\/pages\/107","targetHints":{"allow":["GET"]}}],"collection":[{"href":"https:\/\/theranova.at\/hl\/wp-json\/wp\/v2\/pages"}],"about":[{"href":"https:\/\/theranova.at\/hl\/wp-json\/wp\/v2\/types\/page"}],"author":[{"embeddable":true,"href":"https:\/\/theranova.at\/hl\/wp-json\/wp\/v2\/users\/2"}],"replies":[{"embeddable":true,"href":"https:\/\/theranova.at\/hl\/wp-json\/wp\/v2\/comments?post=107"}],"version-history":[{"count":0,"href":"https:\/\/theranova.at\/hl\/wp-json\/wp\/v2\/pages\/107\/revisions"}],"wp:attachment":[{"href":"https:\/\/theranova.at\/hl\/wp-json\/wp\/v2\/media?parent=107"}],"curies":[{"name":"wp","href":"https:\/\/api.w.org\/{rel}","templated":true}]}}